{"id":233,"date":"2020-01-15T13:38:50","date_gmt":"2020-01-15T13:38:50","guid":{"rendered":"https:\/\/www.bamboo-concept.com\/?post_type=product&#038;p=233"},"modified":"2023-08-02T12:35:17","modified_gmt":"2023-08-02T12:35:17","slug":"palissade-bambou","status":"publish","type":"product","link":"https:\/\/www.bamboo-concept.com\/en\/products\/palissade-bambou\/","title":{"rendered":"Palissade en bambou"},"content":{"rendered":"<p>Nos palissades s\u2019appliquent naturellement \u00e0 de nombreuses applications de d\u00e9coration et s\u00e9paration d\u2019espaces ext\u00e9rieurs (jardins, chemins, terrasses, \u2026).<\/p>\n<p>Disponibles en formats standards ou personnalis\u00e9s, nos syst\u00e8mes ont \u00e9t\u00e9 \u00e9tudi\u00e9s et d\u00e9velopp\u00e9s pour une installation rapide, flexible et accessible aux bricoleurs, ainsi qu\u2019un entretien limit\u00e9.<\/p>\n<p>Noble et simple d&#8217;utilisation, le mat\u00e9riau est trait\u00e9 de mani\u00e8re raisonn\u00e9e, traditionnelle et naturelle afin de pouvoir r\u00e9sister aux contraintes m\u00e9t\u00e9orologiques d&#8217;Europe du nord.<\/p>\n<p>Bien que le mat\u00e9riau soit trait\u00e9 pour r\u00e9sister aux intemp\u00e9ries, une protection annuelle \u00e0 l&#8217;huile de lin permet d&#8217;assurer une meilleure conservation de son aspect.<\/p>\n<p>D\u00e9couvrez aussi nos <a href=\"https:\/\/www.bamboo-concept.com\/fr\/57-balustrade-bambou.html\">cl\u00f4tures et balustrades en bambou<\/a>, votre acier v\u00e9g\u00e9tal.<\/p>\n","protected":false},"excerpt":{"rendered":"<p>Palissades et clotures en bambou<\/p>\n","protected":false},"featured_media":225,"template":"","meta":{"_seopress_robots_primary_cat":"none","_seopress_titles_title":"Palissade en bambou : cannes pleines pour int\u00e9rieur &amp; ext\u00e9rieur","_seopress_titles_desc":"","_seopress_robots_index":"","inline_featured_image":false},"product_brand":[],"product_cat":[392],"product_tag":[],"class_list":{"0":"post-233","1":"product","2":"type-product","3":"status-publish","4":"has-post-thumbnail","6":"product_cat-clotures-palissades","7":"pa_application-f0-amenagementdexterieur","8":"pa_composition-09-bamboubruttravailleguaduaa","9":"pa_diametre-81-810cm","10":"pa_dimensions-20-180cmlx180cmhou270cmlx180c","11":"pa_fixationausol-6d-cannesmortaiseesettubesena","12":"pa_fixationsurterrasse-64-cannesmortaiseesettubesena","13":"pa_hauteur-eb-180","14":"pa_installation-03-placementhorizontaldescann","15":"pa_largeur-a1-10","16":"pa_longueur-eb-180","17":"pa_longueur-5a-180cm","18":"pa_modele-7c-fixationbeton","19":"pa_modele-f8-fixationkitavisser","20":"pa_poids-ee-60","21":"pa_styles-11-naturel","23":"first","24":"instock","25":"taxable","26":"shipping-taxable","27":"product-type-variable","28":"has-default-attributes"},"wcpa_form_fields":null,"_links":{"self":[{"href":"https:\/\/www.bamboo-concept.com\/en\/wp-json\/wp\/v2\/product\/233","targetHints":{"allow":["GET"]}}],"collection":[{"href":"https:\/\/www.bamboo-concept.com\/en\/wp-json\/wp\/v2\/product"}],"about":[{"href":"https:\/\/www.bamboo-concept.com\/en\/wp-json\/wp\/v2\/types\/product"}],"wp:featuredmedia":[{"embeddable":true,"href":"https:\/\/www.bamboo-concept.com\/en\/wp-json\/wp\/v2\/media\/225"}],"wp:attachment":[{"href":"https:\/\/www.bamboo-concept.com\/en\/wp-json\/wp\/v2\/media?parent=233"}],"wp:term":[{"taxonomy":"product_brand","embeddable":true,"href":"https:\/\/www.bamboo-concept.com\/en\/wp-json\/wp\/v2\/product_brand?post=233"},{"taxonomy":"product_cat","embeddable":true,"href":"https:\/\/www.bamboo-concept.com\/en\/wp-json\/wp\/v2\/product_cat?post=233"},{"taxonomy":"product_tag","embeddable":true,"href":"https:\/\/www.bamboo-concept.com\/en\/wp-json\/wp\/v2\/product_tag?post=233"}],"curies":[{"name":"wp","href":"https:\/\/api.w.org\/{rel}","templated":true}]}}